{"id":68,"date":"2017-11-11T14:13:27","date_gmt":"2017-11-11T14:13:27","guid":{"rendered":"https:\/\/krakanan.ch\/akira\/?page_id=68"},"modified":"2021-04-08T07:36:39","modified_gmt":"2021-04-08T07:36:39","slug":"medien","status":"publish","type":"page","link":"https:\/\/akira.krakanan.ch\/en\/medien\/","title":{"rendered":"Media"},"content":{"rendered":"<p>Hier ein Auszug von Berichten \u00fcber mich in den Medien<\/p>\n<h2>Allgemein<\/h2>\n<ul>\n<li><a href=\"https:\/\/www.nhl.com\/devils\/news\/prospect-watch-schmid-the-mountain-man\/c-323368608\" target=\"_blank\" rel=\"noopener\">07.04.2021 PROSPECT WATCH: Schmid, the Mountain Man<\/a><\/li>\n<li><a href=\"https:\/\/www.20min.ch\/schweiz\/bern\/story\/Dieser-18-Jaehrige-ist-das-groesste-Goalietalent-24729786\" target=\"_blank\" rel=\"noopener noreferrer\">02.07.2018 20 Minuten<\/a><\/li>\n<li><a href=\"https:\/\/www.bernerzeitung.ch\/sport\/hockey\/von-der-ilfis-nach-uebersee\/story\/26681601\" target=\"_blank\" rel=\"noopener noreferrer\">27.6.2018: Von der Ilfis nach \u00dcbersee &#8211; bernerzeitung.ch<\/a><\/li>\n<li><a href=\"https:\/\/www.telebaern.tv\/118-show-news\/25315-episode-dienstag-26-juni-2018\/60599-segment-18-jaehriger-akira-schmid-von-new-jersey-devils-gedraftet\" target=\"_blank\" rel=\"noopener noreferrer\">26.6.2018: 18-j\u00e4hriger Akira Schmid von New Jersey Devils gedraftet &#8211; TeleB\u00e4rn<\/a><\/li>\n<li><a href=\"https:\/\/krakanan.ch\/akira\/wp-content\/uploads\/2018\/02\/UE_15_02_seite10.pdf\">15.2.2018: Wenn der Traum zum Ziel wird: Unter-Emmentaler<\/a><\/li>\n<li><a href=\"https:\/\/krakanan.ch\/akira\/wp-content\/uploads\/2018\/02\/Thun-fordert-Wiki-M\u00fcnsingen-zum-Playoff-Viertelfinal-News-Sport-Eishockey-langenthalertagblatt.ch_.pdf\">4.2.2018: Thun fordert Wiki-M\u00fcnsingen zum Playoff-Viertelfinal &#8211; News Sport: Eishockey &#8211; langenthalertagblatt.ch<\/a><\/li>\n<li><a href=\"https:\/\/krakanan.ch\/akira\/wp-content\/uploads\/2018\/02\/Die-5-heissesten-Talente-im-Schweizer-Eishockey-Blick.pdf\">02.2018 Die 5 heissesten Talente im Schweizer Eishockey &#8211; Blick<\/a><\/li>\n<li><a href=\"https:\/\/krakanan.ch\/akira\/wp-content\/uploads\/2018\/01\/Goalie-Talent-hilft-aus-News-Sport_-Eishockey-bernerzeitung.pdf\">22.1.2018: Goalie-Talent hilft aus &#8211; bernerzeitung.ch<\/a><\/li>\n<li><a href=\"https:\/\/krakanan.ch\/akira\/wp-content\/uploads\/2017\/11\/Der-Schaden-beim-Tigers-Nachwuchs-ist-behoben-News-Sport-Eishockey-bernerzeitung.ch_.pdf\">07.11.2017: Der Schaden beim Tigers-Nachwuchs ist behoben &#8211; News Sport: Eishockey &#8211; bernerzeitung.ch<\/a><\/li>\n<\/ul>\n<h2 data-tadv-p=\"keep\">Sport.ch<\/h2>\n<ul>\n<li><a href=\"http:\/\/sport.ch.sportalsports.com\/\/sportch\/generated\/article\/eishockey\/2018\/01\/05\/next-star-akira-schmid-wollte-dem-team-schon-immer-mit-paraden-helfen-id56547500000.html\" target=\"_blank\" rel=\"noopener noreferrer\">Interview Sport.ch<\/a><\/li>\n<li><a href=\"https:\/\/sport.ch\/schmid-akira\" target=\"_blank\" rel=\"noopener noreferrer\">Diverse Artikel<\/a><\/li>\n<\/ul>\n<h2>The Athletic<\/h2>\n<ul>\n<li><a href=\"https:\/\/theathletic.com\/851631\/2019\/03\/06\/how-akira-schmids-wild-journey-to-americas-heartland-has-him-shooting-up-the-devils-prospect-board\/\" target=\"_blank\" rel=\"noopener noreferrer\">How Akira Schmid\u2019s wild journey to America\u2019s heartland has him shooting up the Devils\u2019 prospect board (paywall)<\/a><\/li>\n<li><a href=\"https:\/\/www.roysportsgroup.com\/news\/how-akira-schmids-wild-journey-to-americas-heartland-has-him-shooting-up-the-devils-prospect-board\/\">How Akira Schmid\u2019s wild journey to America\u2019s heartland has him shooting up the Devils\u2019 prospect board (RSG)<\/a><\/li>\n<\/ul>\n<h2>Slapshot<\/h2>\n<ul>\n<li>In der Slapshotausgabe Nr.6 vom M\u00e4rz\/April 2018 gab es einen <a href=\"http:\/\/akira.krakanan.ch\/wp-content\/uploads\/2018\/04\/Akira_Schmid.pdf\" target=\"_blank\" rel=\"noopener noreferrer\">zweiseitigen Bericht<\/a> \u00fcber mich.<\/li>\n<\/ul>\n<h2>Wochen-Zeitung<br \/>\nRegionale News f\u00fcr das Emmental und Entlebuch<\/h2>\n<ul>\n<li><a href=\"https:\/\/www.wochen-zeitung.ch\/Archiv\/sb-bhvr\/3\/sb-logid\/5915-mq32cq50i6kue8d1?wz-search=Akira+AND+Schmid\" target=\"_blank\" rel=\"noopener noreferrer\">Berichte in der Wochen-Zeitung<\/a><\/li>\n<\/ul>\n<h2>SPORTAL HD<\/h2>\n<p><span class=\"embed-youtube\" style=\"text-align:center; display: block;\"><iframe loading=\"lazy\" class=\"youtube-player\" width=\"640\" height=\"360\" src=\"https:\/\/www.youtube.com\/embed\/5qzp6PZGQ_Y?version=3&#038;rel=1&#038;showsearch=0&#038;showinfo=1&#038;iv_load_policy=1&#038;fs=1&#038;hl=en-US&#038;autohide=2&#038;wmode=transparent\" allowfullscreen=\"true\" style=\"border:0;\" sandbox=\"allow-scripts allow-same-origin allow-popups allow-presentation allow-popups-to-escape-sandbox\"><\/iframe><\/span><\/p>\n<h2>U18 5-Nationenturnier in H\u00e4meenlinna \/ FIN 2017<\/h2>\n<ul>\n<li><a href=\"http:\/\/www.watson.ch\/Sport\/Eismeister%20Zaugg\/121351193-%C2%ABIt%E2%80%99s-the-Goalie--stupid!%C2%BB-%E2%80%93-So-einfach-ist-das-Problem-unserer-Nationalmannschaft\" target=\"_blank\" rel=\"noopener noreferrer\">Eismeister Zaugg<\/a><\/li>\n<li><a href=\"https:\/\/krakanan.ch\/akira\/wp-content\/uploads\/2017\/11\/\u00abIt\u2019s-the-Goalie-stupid\u00bb-\u2013-So-einfach-ist-das-Problem-unserer-Hockey-Nati-watson.pdf\">\u00abIt\u2019s the Goalie, stupid!\u00bb \u2013 So einfach ist das Problem unserer Hockey-Nati &#8211; watson<\/a><\/li>\n<\/ul>\n<h2>U18 Ivan Hlinka Memorial Cup 2017<\/h2>\n<ul>\n<li><a href=\"http:\/\/www.wochen-zeitung.ch\/Archiv\/young-tigers-im-nati-einsatz\" target=\"_blank\" rel=\"noopener noreferrer\">Bericht in der Wochenzeitung<\/a><\/li>\n<\/ul>\n<p><span class=\"embed-youtube\" style=\"text-align:center; display: block;\"><iframe loading=\"lazy\" class=\"youtube-player\" width=\"640\" height=\"360\" src=\"https:\/\/www.youtube.com\/embed\/ImwWts4HvlA?version=3&#038;rel=1&#038;showsearch=0&#038;showinfo=1&#038;iv_load_policy=1&#038;fs=1&#038;hl=en-US&#038;autohide=2&#038;wmode=transparent\" allowfullscreen=\"true\" style=\"border:0;\" sandbox=\"allow-scripts allow-same-origin allow-popups allow-presentation allow-popups-to-escape-sandbox\"><\/iframe><\/span><\/p>\n<h2>U18 WM Teilnahme 2017 als &#8222;Underager&#8220;<\/h2>\n<ul>\n<li><a href=\"http:\/\/www.srf.ch\/sport\/eishockey\/nationalmannschaft\/u18-nati-aergert-den-goldfavoriten\" target=\"_blank\" rel=\"noopener noreferrer\">Bericht auf SRF.ch<\/a><\/li>\n<li><a href=\"http:\/\/www.neo1.ch\/news\/news\/newsansicht\/datum\/2017\/04\/21\/akiro-schmid-glaenzt-an-der-u18-wm-in-der-slowakei.html\" target=\"_blank\" rel=\"noopener noreferrer\">Bericht auf NEO1<\/a><\/li>\n<li><a href=\"http:\/\/www.fm1today.ch\/schweiz-trotz-niederlage-in-den-viertelfinals\/472870\" target=\"_blank\" rel=\"noopener noreferrer\">Bericht auf fm1today<\/a><\/li>\n<li><a href=\"http:\/\/www.blick.ch\/sport\/eishockey\/nati\/spaeter-doppelschlag-der-usa-hischier-und-co-verpassen-wm-ueberraschung-id6558982.html\" target=\"_blank\" rel=\"noopener noreferrer\">Bericht auf Blick.ch<\/a><\/li>\n<\/ul>\n<h2>Sommer 2015, Aufgebot zum internationalen Development-Camp in Vierum\u00e4ki Finland<\/h2>\n<ul>\n<li><a href=\"http:\/\/www.iihf.com\/channels1415\/hdc\/home\/\" target=\"_blank\" rel=\"noopener noreferrer\">Development-Camp in Vierum\u00e4ki Finland<\/a><\/li>\n<li><a href=\"https:\/\/krakanan.ch\/akira\/wp-content\/uploads\/2018\/02\/2015_HDC_Team_Yellow.pdf\">2015_HDC_Team_Yellow<\/a><\/li>\n<\/ul>\n<h2>Elite Prospects<\/h2>\n<ul>\n<li><a href=\"http:\/\/www.eliteprospects.com\/player.php?player=336133\"> Profil<\/a><\/li>\n<\/ul>","protected":false},"excerpt":{"rendered":"<p>Hier ein Auszug von Berichten \u00fcber mich in den Medien Allgemein 07.04.2021 PROSPECT WATCH: Schmid, the Mountain Man 02.07.2018 20 Minuten 27.6.2018: Von der Ilfis nach \u00dcbersee &#8211; bernerzeitung.ch 26.6.2018: 18-j\u00e4hriger Akira Schmid von New Jersey Devils gedraftet &#8211; TeleB\u00e4rn 15.2.2018: Wenn der Traum zum Ziel wird: Unter-Emmentaler 4.2.2018: Thun fordert Wiki-M\u00fcnsingen zum Playoff-Viertelfinal &#8211; News Sport: Eishockey &#8211; langenthalertagblatt.ch 02.2018 Die 5 heissesten Talente im Schweizer Eishockey &#8211; Blick&hellip;<\/p>","protected":false},"author":1,"featured_media":0,"parent":0,"menu_order":40,"comment_status":"closed","ping_status":"closed","template":"","meta":{"footnotes":""},"class_list":["post-68","page","type-page","status-publish","hentry"],"jetpack_sharing_enabled":true,"jetpack_shortlink":"https:\/\/wp.me\/P9mXxY-16","jetpack_likes_enabled":true,"jetpack-related-posts":[{"id":262,"url":"https:\/\/akira.krakanan.ch\/en\/about-me\/","url_meta":{"origin":68,"position":0},"title":"About me","author":"admin","date":"14. April 2018","format":false,"excerpt":"Hallo z\u00e4me, mein Name ist Akira Schmid. Seit 2008 spiele ich aktiv Eishockey. Gestartet bei den SCL Young Tigers wo ich alle Juniorenstufen durchlaufen habe. Zuvor habe ich es auch mit Karate und Fussball versucht, aber begeistert hat mich dann doch das Eishockey, besonders die Positon des Goalie. Ich bin\u2026","rel":"","context":"Similar post","block_context":{"text":"Similar post","link":""},"img":{"alt_text":"","src":"https:\/\/i0.wp.com\/akira.krakanan.ch\/wp-content\/uploads\/2021\/12\/img_8132-300x300.jpg?resize=350%2C200&ssl=1","width":350,"height":200},"classes":[]},{"id":28,"url":"https:\/\/akira.krakanan.ch\/en\/startseite\/","url_meta":{"origin":68,"position":1},"title":"Startseite","author":"admin","date":"11. November 2017","format":false,"excerpt":"Hallo Z\u00e4me, mein Name ist Akira Schmid, ich bin 17 Jahre alt und spiele bei den SCL Young Tigers auf der Stufe der Junioren Elite A als Goalie. Ich werde versuchen, euch auf dieser Seite einen Einblick in meinen Alltag zu geben.","rel":"","context":"Similar post","block_context":{"text":"Similar post","link":""},"img":{"alt_text":"","src":"","width":0,"height":0},"classes":[]}],"_links":{"self":[{"href":"https:\/\/akira.krakanan.ch\/en\/wp-json\/wp\/v2\/pages\/68","targetHints":{"allow":["GET"]}}],"collection":[{"href":"https:\/\/akira.krakanan.ch\/en\/wp-json\/wp\/v2\/pages"}],"about":[{"href":"https:\/\/akira.krakanan.ch\/en\/wp-json\/wp\/v2\/types\/page"}],"author":[{"embeddable":true,"href":"https:\/\/akira.krakanan.ch\/en\/wp-json\/wp\/v2\/users\/1"}],"replies":[{"embeddable":true,"href":"https:\/\/akira.krakanan.ch\/en\/wp-json\/wp\/v2\/comments?post=68"}],"version-history":[{"count":0,"href":"https:\/\/akira.krakanan.ch\/en\/wp-json\/wp\/v2\/pages\/68\/revisions"}],"wp:attachment":[{"href":"https:\/\/akira.krakanan.ch\/en\/wp-json\/wp\/v2\/media?parent=68"}],"curies":[{"name":"wp","href":"https:\/\/api.w.org\/{rel}","templated":true}]}}