{"id":36,"date":"2017-11-11T13:26:51","date_gmt":"2017-11-11T13:26:51","guid":{"rendered":"https:\/\/krakanan.ch\/akira\/?page_id=36"},"modified":"2021-12-15T16:22:35","modified_gmt":"2021-12-15T16:22:35","slug":"unterstuetzung","status":"publish","type":"page","link":"https:\/\/akira.krakanan.ch\/en\/unterstuetzung\/","title":{"rendered":"Support"},"content":{"rendered":"<div class=\"jetpack-testimonial-shortcode column-1\">\n\t\t\t\t\t\t\t\t\t\t\t<div class=\"testimonial-entry testimonial-entry-column-1 testimonial-entry-first-item-row has-testimonial-thumbnail\">\n\t\t\t\t\t\t\t\t\t\t\t\t\t\t\t\t<div class=\"testimonial-entry-content\"><p>Die Sporthilfe hilft hoffnungsvollen Schweizer Sporttalenten, auch die finanzielle H\u00fcrde zu \u00fcberwinden. Leistungsorientierte Sportlerinnen und Sportler mit nachgewiesenem Potenzial erfahren ausreichend finanzielle Unterst\u00fctzung, damit sie ihre internationale Laufbahn erfolgreich einschlagen und ihre sportlichen Ziele erreichen k\u00f6nnen. Die Sporthilfe wird von der \u00d6ffentlichkeit und allen Anspruchsgruppen als die nationale Institution zur individuellen finanziellen Unterst\u00fctzung leistungsorientierter Sportlerinnen und Sportler mit Potenzial wahrgenommen. Zu meinem Projekt<\/p>\n<\/div>\n\t\t\t\t\t\t\t\t\t\t\t\t\t\t\t\t<span class=\"testimonial-entry-title\">&#8213; <a href=\"https:\/\/akira.krakanan.ch\/en\/testimonial\/sporthilfe-stiftung\/\" title=\"Sporthilfe Stiftung\">Sporthilfe Stiftung<\/a><\/span>\n\t\t\t\t\t\t\t<a class=\"testimonial-featured-image\" href=\"https:\/\/akira.krakanan.ch\/en\/testimonial\/sporthilfe-stiftung\/\"><img loading=\"lazy\" decoding=\"async\" width=\"150\" height=\"110\" src=\"https:\/\/i0.wp.com\/akira.krakanan.ch\/wp-content\/uploads\/2017\/11\/sp-header-logo.png?resize=150%2C110&amp;ssl=1\" class=\"attachment-thumbnail size-thumbnail wp-post-image\" alt=\"\" data-attachment-id=\"52\" data-permalink=\"https:\/\/akira.krakanan.ch\/en\/testimonial\/sporthilfe-stiftung\/sp-header-logo\/\" data-orig-file=\"https:\/\/i0.wp.com\/akira.krakanan.ch\/wp-content\/uploads\/2017\/11\/sp-header-logo.png?fit=240%2C110&amp;ssl=1\" data-orig-size=\"240,110\" data-comments-opened=\"0\" data-image-meta=\"{&quot;aperture&quot;:&quot;0&quot;,&quot;credit&quot;:&quot;&quot;,&quot;camera&quot;:&quot;&quot;,&quot;caption&quot;:&quot;&quot;,&quot;created_timestamp&quot;:&quot;0&quot;,&quot;copyright&quot;:&quot;&quot;,&quot;focal_length&quot;:&quot;0&quot;,&quot;iso&quot;:&quot;0&quot;,&quot;shutter_speed&quot;:&quot;0&quot;,&quot;title&quot;:&quot;&quot;,&quot;orientation&quot;:&quot;0&quot;}\" data-image-title=\"sp-header-logo\" data-image-description=\"\" data-image-caption=\"\" data-large-file=\"https:\/\/i0.wp.com\/akira.krakanan.ch\/wp-content\/uploads\/2017\/11\/sp-header-logo.png?fit=240%2C110&amp;ssl=1\" \/><\/a>\t\t\t\t\t\t<\/div><!-- close .testimonial-entry -->\n\t\t\t\t\t\t\t\t\t\t\t\t<div class=\"testimonial-entry testimonial-entry-column-1 testimonial-entry-first-item-row has-testimonial-thumbnail\">\n\t\t\t\t\t\t\t\t\t\t\t\t\t\t\t\t<div class=\"testimonial-entry-content\"><p>Ich absolviere an der Sporthandelsschule des Bildungszentrum Feusi eine Ausbildung zum Abschluss eines Eidgen\u00f6ssisches F\u00e4higkeitszeugnis Kaufmann\/ Kauffrau EFZ<\/p>\n<\/div>\n\t\t\t\t\t\t\t\t\t\t\t\t\t\t\t\t<span class=\"testimonial-entry-title\">&#8213; <a href=\"https:\/\/akira.krakanan.ch\/en\/testimonial\/feusi-bildungszentrum\/\" title=\"Feusi Bildungszentrum\">Feusi Bildungszentrum<\/a><\/span>\n\t\t\t\t\t\t\t<a class=\"testimonial-featured-image\" href=\"https:\/\/akira.krakanan.ch\/en\/testimonial\/feusi-bildungszentrum\/\"><img loading=\"lazy\" decoding=\"async\" width=\"150\" height=\"90\" src=\"https:\/\/i0.wp.com\/akira.krakanan.ch\/wp-content\/uploads\/2017\/11\/feusi-logo.png?resize=150%2C90&amp;ssl=1\" class=\"attachment-thumbnail size-thumbnail wp-post-image\" alt=\"\" data-attachment-id=\"55\" data-permalink=\"https:\/\/akira.krakanan.ch\/en\/testimonial\/feusi-bildungszentrum\/feusi-logo\/\" data-orig-file=\"https:\/\/i0.wp.com\/akira.krakanan.ch\/wp-content\/uploads\/2017\/11\/feusi-logo.png?fit=200%2C90&amp;ssl=1\" data-orig-size=\"200,90\" data-comments-opened=\"0\" data-image-meta=\"{&quot;aperture&quot;:&quot;0&quot;,&quot;credit&quot;:&quot;&quot;,&quot;camera&quot;:&quot;&quot;,&quot;caption&quot;:&quot;&quot;,&quot;created_timestamp&quot;:&quot;0&quot;,&quot;copyright&quot;:&quot;&quot;,&quot;focal_length&quot;:&quot;0&quot;,&quot;iso&quot;:&quot;0&quot;,&quot;shutter_speed&quot;:&quot;0&quot;,&quot;title&quot;:&quot;&quot;,&quot;orientation&quot;:&quot;0&quot;}\" data-image-title=\"feusi-logo\" data-image-description=\"\" data-image-caption=\"\" data-large-file=\"https:\/\/i0.wp.com\/akira.krakanan.ch\/wp-content\/uploads\/2017\/11\/feusi-logo.png?fit=200%2C90&amp;ssl=1\" \/><\/a>\t\t\t\t\t\t<\/div><!-- close .testimonial-entry -->\n\t\t\t\t\t\t\t\t\t\t\t\t<div class=\"testimonial-entry testimonial-entry-column-1 testimonial-entry-first-item-row has-testimonial-thumbnail\">\n\t\t\t\t\t\t\t\t\t\t\t\t\t\t\t\t<div class=\"testimonial-entry-content\"><p>Die ganze Ausbildung im Hockey-Bereich habe ich bisher bei den SCL Young Tigers absolviert. Die SCL Young Tigers AG ist die Forschungs- und Entwicklungsabteilung der SCL Tigers AG. Als 100% Tochtergesellschaft des grossen &#8222;Tigers&#8220; arbeiten wir sehr eng mit dem Mutterhaus zusammen. Trotz der engen Zusammenarbeit sind wir selber f\u00fcr das Erwirtschaften des Budgets verantwortlich. Das Hauptziel der Young Tigers ist es, m\u00f6glichst viele Nachwuchsspieler an das\u00a0 Niveau der Nationl&hellip;<\/p>\n<\/div>\n\t\t\t\t\t\t\t\t\t\t\t\t\t\t\t\t<span class=\"testimonial-entry-title\">&#8213; <a href=\"https:\/\/akira.krakanan.ch\/en\/testimonial\/scl-young-tigers\/\" title=\"SCL Young Tigers\">SCL Young Tigers<\/a><\/span>\n\t\t\t\t\t\t\t<a class=\"testimonial-featured-image\" href=\"https:\/\/akira.krakanan.ch\/en\/testimonial\/scl-young-tigers\/\"><img loading=\"lazy\" decoding=\"async\" width=\"150\" height=\"150\" src=\"https:\/\/i0.wp.com\/akira.krakanan.ch\/wp-content\/uploads\/2017\/11\/SCL-Young-Tigers-Logo.png?resize=150%2C150&amp;ssl=1\" class=\"attachment-thumbnail size-thumbnail wp-post-image\" alt=\"\" srcset=\"https:\/\/i0.wp.com\/akira.krakanan.ch\/wp-content\/uploads\/2017\/11\/SCL-Young-Tigers-Logo.png?resize=150%2C150&amp;ssl=1 150w, https:\/\/i0.wp.com\/akira.krakanan.ch\/wp-content\/uploads\/2017\/11\/SCL-Young-Tigers-Logo.png?zoom=2&amp;resize=150%2C150&amp;ssl=1 300w\" sizes=\"auto, (max-width: 150px) 100vw, 150px\" data-attachment-id=\"58\" data-permalink=\"https:\/\/akira.krakanan.ch\/en\/testimonial\/scl-young-tigers\/scl-young-tigers-logo\/\" data-orig-file=\"https:\/\/i0.wp.com\/akira.krakanan.ch\/wp-content\/uploads\/2017\/11\/SCL-Young-Tigers-Logo.png?fit=309%2C294&amp;ssl=1\" data-orig-size=\"309,294\" data-comments-opened=\"0\" data-image-meta=\"{&quot;aperture&quot;:&quot;0&quot;,&quot;credit&quot;:&quot;&quot;,&quot;camera&quot;:&quot;&quot;,&quot;caption&quot;:&quot;&quot;,&quot;created_timestamp&quot;:&quot;0&quot;,&quot;copyright&quot;:&quot;&quot;,&quot;focal_length&quot;:&quot;0&quot;,&quot;iso&quot;:&quot;0&quot;,&quot;shutter_speed&quot;:&quot;0&quot;,&quot;title&quot;:&quot;&quot;,&quot;orientation&quot;:&quot;0&quot;}\" data-image-title=\"SCL Young Tigers Logo\" data-image-description=\"\" data-image-caption=\"\" data-large-file=\"https:\/\/i0.wp.com\/akira.krakanan.ch\/wp-content\/uploads\/2017\/11\/SCL-Young-Tigers-Logo.png?fit=309%2C294&amp;ssl=1\" \/><\/a>\t\t\t\t\t\t<\/div><!-- close .testimonial-entry -->\n\t\t\t\t\t\t\t\t\t\t\t\t<div class=\"testimonial-entry testimonial-entry-column-1 testimonial-entry-first-item-row has-testimonial-thumbnail\">\n\t\t\t\t\t\t\t\t\t\t\t\t\t\t\t\t<div class=\"testimonial-entry-content\"><p>Mein Manager THE6IX SPORTS LEADERSHIP Webseite<\/p>\n<\/div>\n\t\t\t\t\t\t\t\t\t\t\t\t\t\t\t\t<span class=\"testimonial-entry-title\">&#8213; <a href=\"https:\/\/akira.krakanan.ch\/en\/testimonial\/third-eye-services\/\" title=\"THE6IX\">THE6IX<\/a><\/span>\n\t\t\t\t\t\t\t<a class=\"testimonial-featured-image\" href=\"https:\/\/akira.krakanan.ch\/en\/testimonial\/third-eye-services\/\"><img loading=\"lazy\" decoding=\"async\" width=\"150\" height=\"150\" src=\"https:\/\/i0.wp.com\/akira.krakanan.ch\/wp-content\/uploads\/2017\/11\/3274.png?resize=150%2C150&amp;ssl=1\" class=\"attachment-thumbnail size-thumbnail wp-post-image\" alt=\"\" srcset=\"https:\/\/i0.wp.com\/akira.krakanan.ch\/wp-content\/uploads\/2017\/11\/3274.png?resize=150%2C150&amp;ssl=1 150w, https:\/\/i0.wp.com\/akira.krakanan.ch\/wp-content\/uploads\/2017\/11\/3274.png?resize=50%2C50&amp;ssl=1 50w, https:\/\/i0.wp.com\/akira.krakanan.ch\/wp-content\/uploads\/2017\/11\/3274.png?zoom=2&amp;resize=150%2C150&amp;ssl=1 300w, https:\/\/i0.wp.com\/akira.krakanan.ch\/wp-content\/uploads\/2017\/11\/3274.png?zoom=3&amp;resize=150%2C150&amp;ssl=1 450w\" sizes=\"auto, (max-width: 150px) 100vw, 150px\" data-attachment-id=\"193\" data-permalink=\"https:\/\/akira.krakanan.ch\/en\/testimonial\/third-eye-services\/attachment\/3274\/\" data-orig-file=\"https:\/\/i0.wp.com\/akira.krakanan.ch\/wp-content\/uploads\/2017\/11\/3274.png?fit=700%2C430&amp;ssl=1\" data-orig-size=\"700,430\" data-comments-opened=\"0\" data-image-meta=\"{&quot;aperture&quot;:&quot;0&quot;,&quot;credit&quot;:&quot;&quot;,&quot;camera&quot;:&quot;&quot;,&quot;caption&quot;:&quot;&quot;,&quot;created_timestamp&quot;:&quot;0&quot;,&quot;copyright&quot;:&quot;&quot;,&quot;focal_length&quot;:&quot;0&quot;,&quot;iso&quot;:&quot;0&quot;,&quot;shutter_speed&quot;:&quot;0&quot;,&quot;title&quot;:&quot;&quot;,&quot;orientation&quot;:&quot;0&quot;}\" data-image-title=\"3274\" data-image-description=\"\" data-image-caption=\"\" data-large-file=\"https:\/\/i0.wp.com\/akira.krakanan.ch\/wp-content\/uploads\/2017\/11\/3274.png?fit=640%2C393&amp;ssl=1\" \/><\/a>\t\t\t\t\t\t<\/div><!-- close .testimonial-entry -->\n\t\t\t\t\t\t\t\t\t\t\t\t<div class=\"testimonial-entry testimonial-entry-column-1 testimonial-entry-first-item-row has-testimonial-thumbnail\">\n\t\t\t\t\t\t\t\t\t\t\t\t\t\t\t\t<div class=\"testimonial-entry-content\"><p>Dusan Sidor Goaltending is composed of the father and son team Dusan Sidor Sr. and Dusan Sidor Jr. \u200bOur philosophy\u00a0revolves around the development of the most modern style of goaltending. For us, specific off ice training for goaltenders is as important as on ice training\u00a0and video analysis is the key to perfecting technique. Goaltending should come natural, there is no time to think during a game, therefore technique\u00a0has to become&hellip;<\/p>\n<\/div>\n\t\t\t\t\t\t\t\t\t\t\t\t\t\t\t\t<span class=\"testimonial-entry-title\">&#8213; <a href=\"https:\/\/akira.krakanan.ch\/en\/testimonial\/dushan-sidor-goaltending\/\" title=\"Dushan Sidor Goaltending\">Dushan Sidor Goaltending<\/a><\/span>\n\t\t\t\t\t\t\t<a class=\"testimonial-featured-image\" href=\"https:\/\/akira.krakanan.ch\/en\/testimonial\/dushan-sidor-goaltending\/\"><img loading=\"lazy\" decoding=\"async\" width=\"150\" height=\"150\" src=\"https:\/\/i0.wp.com\/akira.krakanan.ch\/wp-content\/uploads\/2017\/11\/dsg_logo.png?resize=150%2C150&amp;ssl=1\" class=\"attachment-thumbnail size-thumbnail wp-post-image\" alt=\"\" data-attachment-id=\"139\" data-permalink=\"https:\/\/akira.krakanan.ch\/en\/testimonial\/dushan-sidor-goaltending\/dsg_logo\/\" data-orig-file=\"https:\/\/i0.wp.com\/akira.krakanan.ch\/wp-content\/uploads\/2017\/11\/dsg_logo.png?fit=202%2C180&amp;ssl=1\" data-orig-size=\"202,180\" data-comments-opened=\"0\" data-image-meta=\"{&quot;aperture&quot;:&quot;0&quot;,&quot;credit&quot;:&quot;&quot;,&quot;camera&quot;:&quot;&quot;,&quot;caption&quot;:&quot;&quot;,&quot;created_timestamp&quot;:&quot;0&quot;,&quot;copyright&quot;:&quot;&quot;,&quot;focal_length&quot;:&quot;0&quot;,&quot;iso&quot;:&quot;0&quot;,&quot;shutter_speed&quot;:&quot;0&quot;,&quot;title&quot;:&quot;&quot;,&quot;orientation&quot;:&quot;0&quot;}\" data-image-title=\"dsg_logo\" data-image-description=\"\" data-image-caption=\"\" data-large-file=\"https:\/\/i0.wp.com\/akira.krakanan.ch\/wp-content\/uploads\/2017\/11\/dsg_logo.png?fit=202%2C180&amp;ssl=1\" \/><\/a>\t\t\t\t\t\t<\/div><!-- close .testimonial-entry -->\n\t\t\t\t\t\t\t\t\t\t\t\t<div class=\"testimonial-entry testimonial-entry-column-1 testimonial-entry-first-item-row has-testimonial-thumbnail\">\n\t\t\t\t\t\t\t\t\t\t\t\t\t\t\t\t<div class=\"testimonial-entry-content\"><p>RSG Hockey\u2019s, formerly CMG Sports, clients benefit from the breadth and depth of our experience without being lost in a giant firm. Negotiating a contract is an important first step in RSG Hockey professional services, but only the initial step in making the transition from amateur to pro. RSG Hockey offers extensive services and sound advice to a limited number of clients. As a mentor for future and current professional&hellip;<\/p>\n<\/div>\n\t\t\t\t\t\t\t\t\t\t\t\t\t\t\t\t<span class=\"testimonial-entry-title\">&#8213; <a href=\"https:\/\/akira.krakanan.ch\/en\/testimonial\/roy-sports-group\/\" title=\"Roy Sports Group\">Roy Sports Group<\/a><\/span>\n\t\t\t\t\t\t\t<a class=\"testimonial-featured-image\" href=\"https:\/\/akira.krakanan.ch\/en\/testimonial\/roy-sports-group\/\"><img loading=\"lazy\" decoding=\"async\" width=\"150\" height=\"90\" src=\"https:\/\/i0.wp.com\/akira.krakanan.ch\/wp-content\/uploads\/2019\/05\/RSG-logo.png?resize=150%2C90&amp;ssl=1\" class=\"attachment-thumbnail size-thumbnail wp-post-image\" alt=\"\" data-attachment-id=\"575\" data-permalink=\"https:\/\/akira.krakanan.ch\/en\/testimonial\/roy-sports-group\/rsg-logo\/\" data-orig-file=\"https:\/\/i0.wp.com\/akira.krakanan.ch\/wp-content\/uploads\/2019\/05\/RSG-logo.png?fit=210%2C90&amp;ssl=1\" data-orig-size=\"210,90\" data-comments-opened=\"0\" data-image-meta=\"{&quot;aperture&quot;:&quot;0&quot;,&quot;credit&quot;:&quot;&quot;,&quot;camera&quot;:&quot;&quot;,&quot;caption&quot;:&quot;&quot;,&quot;created_timestamp&quot;:&quot;0&quot;,&quot;copyright&quot;:&quot;&quot;,&quot;focal_length&quot;:&quot;0&quot;,&quot;iso&quot;:&quot;0&quot;,&quot;shutter_speed&quot;:&quot;0&quot;,&quot;title&quot;:&quot;&quot;,&quot;orientation&quot;:&quot;0&quot;}\" data-image-title=\"RSG-logo\" data-image-description=\"\" data-image-caption=\"\" data-large-file=\"https:\/\/i0.wp.com\/akira.krakanan.ch\/wp-content\/uploads\/2019\/05\/RSG-logo.png?fit=210%2C90&amp;ssl=1\" \/><\/a>\t\t\t\t\t\t<\/div><!-- close .testimonial-entry -->\n\t\t\t\t\t\t\t\t\t\t<\/div><!-- close .jetpack-testimonial-shortcode -->","protected":false},"excerpt":{"rendered":"","protected":false},"author":1,"featured_media":0,"parent":0,"menu_order":30,"comment_status":"closed","ping_status":"closed","template":"","meta":{"footnotes":""},"class_list":["post-36","page","type-page","status-publish","hentry"],"jetpack_sharing_enabled":true,"jetpack_shortlink":"https:\/\/wp.me\/P9mXxY-A","jetpack_likes_enabled":true,"jetpack-related-posts":[],"_links":{"self":[{"href":"https:\/\/akira.krakanan.ch\/en\/wp-json\/wp\/v2\/pages\/36","targetHints":{"allow":["GET"]}}],"collection":[{"href":"https:\/\/akira.krakanan.ch\/en\/wp-json\/wp\/v2\/pages"}],"about":[{"href":"https:\/\/akira.krakanan.ch\/en\/wp-json\/wp\/v2\/types\/page"}],"author":[{"embeddable":true,"href":"https:\/\/akira.krakanan.ch\/en\/wp-json\/wp\/v2\/users\/1"}],"replies":[{"embeddable":true,"href":"https:\/\/akira.krakanan.ch\/en\/wp-json\/wp\/v2\/comments?post=36"}],"version-history":[{"count":0,"href":"https:\/\/akira.krakanan.ch\/en\/wp-json\/wp\/v2\/pages\/36\/revisions"}],"wp:attachment":[{"href":"https:\/\/akira.krakanan.ch\/en\/wp-json\/wp\/v2\/media?parent=36"}],"curies":[{"name":"wp","href":"https:\/\/api.w.org\/{rel}","templated":true}]}}