{"id":33,"date":"2017-11-11T13:26:29","date_gmt":"2017-11-11T13:26:29","guid":{"rendered":"https:\/\/krakanan.ch\/akira\/?page_id=33"},"modified":"2017-11-11T16:24:18","modified_gmt":"2017-11-11T16:24:18","slug":"karte","status":"publish","type":"page","link":"https:\/\/akira.krakanan.ch\/en\/karte\/","title":{"rendered":"Maps"},"content":{"rendered":"<p>Hier k\u00f6nnt ihr eine Liste der Orte sehen, an welchen ich dank dem Eishockey bereits einmal war<\/p>\n<p><iframe loading=\"lazy\" src=\"https:\/\/www.google.com\/maps\/d\/embed?mid=1xPLfNMbiCl8R1H7mWufZjzAX0e4\" width=\"100%\" height=\"480\"><\/iframe><\/p>","protected":false},"excerpt":{"rendered":"<p>Hier k\u00f6nnt ihr eine Liste der Orte sehen, an welchen ich dank dem Eishockey bereits einmal war<\/p>","protected":false},"author":1,"featured_media":0,"parent":0,"menu_order":20,"comment_status":"closed","ping_status":"closed","template":"","meta":{"footnotes":""},"class_list":["post-33","page","type-page","status-publish","hentry"],"jetpack_sharing_enabled":true,"jetpack_shortlink":"https:\/\/wp.me\/P9mXxY-x","jetpack_likes_enabled":true,"jetpack-related-posts":[{"id":262,"url":"https:\/\/akira.krakanan.ch\/en\/about-me\/","url_meta":{"origin":33,"position":0},"title":"About me","author":"admin","date":"14. April 2018","format":false,"excerpt":"Hallo z\u00e4me, mein Name ist Akira Schmid. Seit 2008 spiele ich aktiv Eishockey. Gestartet bei den SCL Young Tigers wo ich alle Juniorenstufen durchlaufen habe. Zuvor habe ich es auch mit Karate und Fussball versucht, aber begeistert hat mich dann doch das Eishockey, besonders die Positon des Goalie. Ich bin\u2026","rel":"","context":"Similar post","block_context":{"text":"Similar post","link":""},"img":{"alt_text":"","src":"https:\/\/i0.wp.com\/akira.krakanan.ch\/wp-content\/uploads\/2021\/12\/img_8132-300x300.jpg?resize=350%2C200&ssl=1","width":350,"height":200},"classes":[]},{"id":68,"url":"https:\/\/akira.krakanan.ch\/en\/medien\/","url_meta":{"origin":33,"position":1},"title":"Media","author":"admin","date":"11. November 2017","format":false,"excerpt":"Hier ein Auszug von Berichten \u00fcber mich in den Medien Allgemein 07.04.2021 PROSPECT WATCH: Schmid, the Mountain Man 02.07.2018 20 Minuten 27.6.2018: Von der Ilfis nach \u00dcbersee - bernerzeitung.ch 26.6.2018: 18-j\u00e4hriger Akira Schmid von New Jersey Devils gedraftet - TeleB\u00e4rn 15.2.2018: Wenn der Traum zum Ziel wird: Unter-Emmentaler 4.2.2018: Thun\u2026","rel":"","context":"Similar post","block_context":{"text":"Similar post","link":""},"img":{"alt_text":"","src":"","width":0,"height":0},"classes":[]}],"_links":{"self":[{"href":"https:\/\/akira.krakanan.ch\/en\/wp-json\/wp\/v2\/pages\/33","targetHints":{"allow":["GET"]}}],"collection":[{"href":"https:\/\/akira.krakanan.ch\/en\/wp-json\/wp\/v2\/pages"}],"about":[{"href":"https:\/\/akira.krakanan.ch\/en\/wp-json\/wp\/v2\/types\/page"}],"author":[{"embeddable":true,"href":"https:\/\/akira.krakanan.ch\/en\/wp-json\/wp\/v2\/users\/1"}],"replies":[{"embeddable":true,"href":"https:\/\/akira.krakanan.ch\/en\/wp-json\/wp\/v2\/comments?post=33"}],"version-history":[{"count":0,"href":"https:\/\/akira.krakanan.ch\/en\/wp-json\/wp\/v2\/pages\/33\/revisions"}],"wp:attachment":[{"href":"https:\/\/akira.krakanan.ch\/en\/wp-json\/wp\/v2\/media?parent=33"}],"curies":[{"name":"wp","href":"https:\/\/api.w.org\/{rel}","templated":true}]}}